{"id":362,"date":"2017-04-06T13:27:29","date_gmt":"2017-04-06T13:27:29","guid":{"rendered":"http:\/\/www.blasenstark.ch\/?page_id=362\/"},"modified":"2017-05-11T13:08:34","modified_gmt":"2017-05-11T13:08:34","slug":"conseils","status":"publish","type":"page","link":"https:\/\/www.blasenstark.ch\/fr\/conseils\/","title":{"rendered":"Conseils"},"content":{"rendered":"<h1>11 conseils utiles en cas de faiblesse de la vessie<\/h1>\n<p>En collaboration avec le magazine \u00abSprechstunde Dr. Stutz\u00bb nous avons r\u00e9sum\u00e9 11 conseils.<\/p>\n<p>&nbsp;<\/p>\n<p><img loading=\"lazy\" decoding=\"async\" class=\"size-full wp-image-420 alignnone\" src=\"https:\/\/www.blasenstark.ch\/wp-content\/uploads\/2017\/04\/logo-sprechstunde-doktor-stutz.jpg\" alt=\"logo-sprechstunde-doktor-stutz\" width=\"272\" height=\"70\" \/><\/p>\n<p>&nbsp;<\/p>\n<span class='dropcap square'>1.<\/span>\n<p>Souciez-vous de trouver une solution imm\u00e9diate sous forme de serviettes anatomiques ou de slips sp\u00e9ciaux. Ils offrent une protection discr\u00e8te et s\u00fbre contre tous les degr\u00e9s d\u2019incontinence urinaire, se portent comme des slips normaux et sont silencieux et inodores. Des produits sp\u00e9cialement absorbants sont utilis\u00e9s pendant la nuit.<\/p>\n<span class='dropcap square'>2.<\/span>\n<p>Faites-vous une id\u00e9e pr\u00e9cise de ce que vous buvez et urinez en dressant un calendrier mictionnel: inscrivez exactement dans un calendrier, pendant deux \u00e0 trois jours, quand et quelle quantit\u00e9 de liquide vous buvez et quand vous devez \u00e9liminer quelles quantit\u00e9s, m\u00eame la nuit. Il est important que vous mesuriez exactement le volume d\u2019urine. Notez aussi d\u2019\u00e9ventuelles pertes involontaires d\u2019urine. Pour le m\u00e9decin, ce calendrier mictionnel repr\u00e9sente un instrument important lui permettant de vous aider.<\/p>\n<span class='dropcap square'>3.<\/span>\n<p>Il faut en premier lieu, dans le traitement des troubles v\u00e9sicaux chroniques, boire correctement, soit deux litres ou davantage par jour. Quand on boit beaucoup, on sent de nouveau la soif plus rapidement. Les femmes touch\u00e9es doivent boire suffi samment pour que les volumes d\u2019urine s\u2019\u00e9l\u00e8vent de nouveau \u00e0 3-5 d\u00e9cilitres. Il est pr\u00e9f\u00e9rable de boire de l\u2019eau plate temp\u00e9r\u00e9e ou des tisanes sp\u00e9ciales pour l\u2019irritabilit\u00e9 v\u00e9sicale, du jus d\u2019airelles ou de cranberry.<\/p>\n<span class='dropcap square'>4.<\/span>\n<p>Il faut \u00e9viter les boissons irritantes comme le caf\u00e9, le th\u00e9 noir, le th\u00e9 glac\u00e9, le Coca Cola, les boissons \u00e0 base d\u2019agrumes, les tisanes de fruits, le vin mousseux ou blanc.<\/p>\n<span class='dropcap square'>5.<\/span>\n<p>Buvez dans de grands verres. Pr\u00e9parez le matin la quantit\u00e9 \u00e0 boire pour toute la journ\u00e9e. Boire souvent et beaucoup avant midi, moins le soir.<\/p>\n<span class='dropcap square'>6.<\/span>\n<p>Il est aussi possible de r\u00e9\u00e9duquer la vessie en buvant correctement. C\u2019est la seule fa\u00e7on de se d\u00e9faire de mauvaises habitudes. Les patientes qui souffrent d\u2019irritabilit\u00e9 v\u00e9sicale doivent apprendre \u00e0 r\u00e9primer leurs \u00e9pisodes d\u2019imp\u00e9riosit\u00e9 mictionnelle pour prolonger chaque jour d\u2019un quart d\u2019heure les intervalles entre leurs visites aux toilettes jusqu\u2019\u00e0 ce que ces derniers soient de nouveau situ\u00e9s entre trois et quatre heures.<\/p>\n<span class='dropcap square'>7.<\/span>\n<p>Ne pas paniquer ou r\u00e9primer la panique, respirer calmement, aller lentement aux toilettes, bien vider sa vessie et ne pas interrompre le jet d\u2019urine.<\/p>\n<span class='dropcap square'>8.<\/span>\n<p>Chez les femmes post-m\u00e9nopaus\u00e9es, une th\u00e9rapie locale avec une pr\u00e9paration contenant des estrog\u00e8nes peut soulager les sympt\u00f4mes d\u2019imp\u00e9riosit\u00e9 mictionnelle. Des m\u00e9dicaments sont aussi parfois utilis\u00e9s. Si ces mesures \u00e9chouent, on peut essayer des injections de botox. Des traitements alternatifs comme l\u2019acuponcture, l\u2019hom\u00e9opathie, etc., peuvent aider dans les cas individuels.<\/p>\n<span class='dropcap square'>9.<\/span>\n<p>Une r\u00e9\u00e9ducation p\u00e9rin\u00e9ale est importante pour l\u2019incontinence d\u2019effort. Le p\u00e9rin\u00e9e constitue le plancher du petit bassin. Il soutient les organes pelviens et de l\u2019abdomen. Une r\u00e9\u00e9ducation p\u00e9rin\u00e9ale ou \u00e9lectrostimulation permet de renforcer ce plancher musculaire. On voit d\u2019abord si la patiente peut activer elle-m\u00eame son p\u00e9rin\u00e9e. Si ce n\u2019est pas le cas ou si c\u2019est insuffi sant, on peut opter pour une physioth\u00e9rapie avec \u00e9lectrostimulation au lieu d\u2019une r\u00e9\u00e9ducation p\u00e9rin\u00e9ale normale. Une bonne instruction par une physioth\u00e9rapeute qualifi \u00e9e est importante pour pouvoir r\u00e9aliser soim\u00eame cette r\u00e9\u00e9ducation. Le p\u00e9rin\u00e9e est contract\u00e9 pour \u00eatre rel\u00e2ch\u00e9 ensuite. Ces exercices doivent \u00eatre r\u00e9p\u00e9t\u00e9s cinq \u00e0 dix fois par s\u00e9rie. On effectue trois \u00e0 cinq s\u00e9ries par jour. La physioth\u00e9rapie de l\u2019incontinence d\u2019effort avec r\u00e9\u00e9ducation p\u00e9rin\u00e9ale et \u00e9lectrostimulation est un traitement intensif. Les exercices de groupe ou les brochures de gymnastique p\u00e9rin\u00e9ale n\u2019aboutissent que rarement car un contr\u00f4le th\u00e9rapeutique est impossible.<\/p>\n<span class='dropcap square'>10.<\/span>\n<p>Les pessaires \u00e0 poser soim\u00eame en utilisant des onguents contenant des hormones att\u00e9nuent imm\u00e9diatement et effi cacement les sympt\u00f4mes de l\u2019incontinence d\u2019effort. Ils sont g\u00e9n\u00e9ralement pos\u00e9s le matin ou avant des activit\u00e9s sportives, retir\u00e9s le soir et lav\u00e9s \u00e0 l\u2019eau chaude mais ne sont pas d\u00e9sinfect\u00e9s. Les pessaires jetables peuvent aussi \u00eatre utilis\u00e9s plusieurs jours quand ils sont bien entretenus et lav\u00e9s. Si les mesures conservatrices pour rem\u00e9dier \u00e0 l\u2019incontinence d\u2019effort \u00e9chouent, on peut envisager une op\u00e9ration tr\u00e8s simple mais tr\u00e8s effi cace, la pose d\u2019une fronde. Les taux de r\u00e9ussite sont tr\u00e8s \u00e9lev\u00e9s m\u00eame chez les femmes plus \u00e2g\u00e9es.<\/p>\n<span class='dropcap square'>11.<\/span>\n<p>Ne vous r\u00e9signez pas si le g\u00e9n\u00e9raliste ne peut pas vous aider. Allez voir un sp\u00e9cialiste ou prenez rendez-vous dans un centre sp\u00e9cialis\u00e9.<\/p>\n<p>&nbsp;<\/p>\n","protected":false},"excerpt":{"rendered":"<p>11 conseils utiles en cas de faiblesse de la vessie En collaboration avec le magazine \u00abSprechstunde Dr. Stutz\u00bb nous avons r\u00e9sum\u00e9 11 conseils. &nbsp; &nbsp; Souciez-vous de trouver une solution imm\u00e9diate sous forme de serviettes anatomiques ou de slips sp\u00e9ciaux. Ils offrent une protection discr\u00e8te&#8230;<\/p>\n","protected":false},"author":7,"featured_media":0,"parent":0,"menu_order":0,"comment_status":"closed","ping_status":"closed","template":"","meta":{"footnotes":""},"class_list":["post-362","page","type-page","status-publish","hentry"],"yoast_head":"<!-- This site is optimized with the Yoast SEO plugin v27.3 - https:\/\/yoast.com\/product\/yoast-seo-wordpress\/ -->\n<title>11 conseils utiles en cas de faiblesse de la vessie<\/title>\n<meta name=\"description\" content=\"11 conseils: Il faut en premier lieu, dans le traitement des troubles v\u00e9sicaux chroniques, boire correctement, soit deux litres ou davantage par jour.\" \/>\n<meta name=\"robots\" content=\"index, follow, max-snippet:-1, max-image-preview:large, max-video-preview:-1\" \/>\n<link rel=\"canonical\" href=\"https:\/\/www.blasenstark.ch\/fr\/conseils\/\" \/>\n<meta property=\"og:locale\" content=\"fr_FR\" \/>\n<meta property=\"og:type\" content=\"article\" \/>\n<meta property=\"og:title\" content=\"11 conseils utiles en cas de faiblesse de la vessie\" \/>\n<meta property=\"og:description\" content=\"11 conseils: Il faut en premier lieu, dans le traitement des troubles v\u00e9sicaux chroniques, boire correctement, soit deux litres ou davantage par jour.\" \/>\n<meta property=\"og:url\" content=\"https:\/\/www.blasenstark.ch\/fr\/conseils\/\" \/>\n<meta property=\"og:site_name\" content=\"Incontinence\" \/>\n<meta property=\"article:modified_time\" content=\"2017-05-11T13:08:34+00:00\" \/>\n<meta property=\"og:image\" content=\"https:\/\/www.blasenstark.ch\/wp-content\/uploads\/2017\/04\/logo-sprechstunde-doktor-stutz.jpg\" \/>\n<meta name=\"twitter:card\" content=\"summary_large_image\" \/>\n<meta name=\"twitter:label1\" content=\"Dur\u00e9e de lecture estim\u00e9e\" \/>\n\t<meta name=\"twitter:data1\" content=\"4 minutes\" \/>\n<script type=\"application\/ld+json\" class=\"yoast-schema-graph\">{\"@context\":\"https:\\\/\\\/schema.org\",\"@graph\":[{\"@type\":\"WebPage\",\"@id\":\"https:\\\/\\\/www.blasenstark.ch\\\/fr\\\/conseils\\\/\",\"url\":\"https:\\\/\\\/www.blasenstark.ch\\\/fr\\\/conseils\\\/\",\"name\":\"11 conseils utiles en cas de faiblesse de la vessie\",\"isPartOf\":{\"@id\":\"https:\\\/\\\/www.blasenstark.ch\\\/fr\\\/#website\"},\"primaryImageOfPage\":{\"@id\":\"https:\\\/\\\/www.blasenstark.ch\\\/fr\\\/conseils\\\/#primaryimage\"},\"image\":{\"@id\":\"https:\\\/\\\/www.blasenstark.ch\\\/fr\\\/conseils\\\/#primaryimage\"},\"thumbnailUrl\":\"https:\\\/\\\/www.blasenstark.ch\\\/wp-content\\\/uploads\\\/2017\\\/04\\\/logo-sprechstunde-doktor-stutz.jpg\",\"datePublished\":\"2017-04-06T13:27:29+00:00\",\"dateModified\":\"2017-05-11T13:08:34+00:00\",\"description\":\"11 conseils: Il faut en premier lieu, dans le traitement des troubles v\u00e9sicaux chroniques, boire correctement, soit deux litres ou davantage par jour.\",\"breadcrumb\":{\"@id\":\"https:\\\/\\\/www.blasenstark.ch\\\/fr\\\/conseils\\\/#breadcrumb\"},\"inLanguage\":\"fr-FR\",\"potentialAction\":[{\"@type\":\"ReadAction\",\"target\":[\"https:\\\/\\\/www.blasenstark.ch\\\/fr\\\/conseils\\\/\"]}]},{\"@type\":\"ImageObject\",\"inLanguage\":\"fr-FR\",\"@id\":\"https:\\\/\\\/www.blasenstark.ch\\\/fr\\\/conseils\\\/#primaryimage\",\"url\":\"https:\\\/\\\/www.blasenstark.ch\\\/wp-content\\\/uploads\\\/2017\\\/04\\\/logo-sprechstunde-doktor-stutz.jpg\",\"contentUrl\":\"https:\\\/\\\/www.blasenstark.ch\\\/wp-content\\\/uploads\\\/2017\\\/04\\\/logo-sprechstunde-doktor-stutz.jpg\"},{\"@type\":\"BreadcrumbList\",\"@id\":\"https:\\\/\\\/www.blasenstark.ch\\\/fr\\\/conseils\\\/#breadcrumb\",\"itemListElement\":[{\"@type\":\"ListItem\",\"position\":1,\"name\":\"Startseite\",\"item\":\"https:\\\/\\\/www.blasenstark.ch\\\/fr\\\/\"},{\"@type\":\"ListItem\",\"position\":2,\"name\":\"Conseils\"}]},{\"@type\":\"WebSite\",\"@id\":\"https:\\\/\\\/www.blasenstark.ch\\\/fr\\\/#website\",\"url\":\"https:\\\/\\\/www.blasenstark.ch\\\/fr\\\/\",\"name\":\"Incontinence\",\"description\":\"Profiter simplement de la vie\",\"potentialAction\":[{\"@type\":\"SearchAction\",\"target\":{\"@type\":\"EntryPoint\",\"urlTemplate\":\"https:\\\/\\\/www.blasenstark.ch\\\/fr\\\/?s={search_term_string}\"},\"query-input\":{\"@type\":\"PropertyValueSpecification\",\"valueRequired\":true,\"valueName\":\"search_term_string\"}}],\"inLanguage\":\"fr-FR\"}]}<\/script>\n<!-- \/ Yoast SEO plugin. -->","yoast_head_json":{"title":"11 conseils utiles en cas de faiblesse de la vessie","description":"11 conseils: Il faut en premier lieu, dans le traitement des troubles v\u00e9sicaux chroniques, boire correctement, soit deux litres ou davantage par jour.","robots":{"index":"index","follow":"follow","max-snippet":"max-snippet:-1","max-image-preview":"max-image-preview:large","max-video-preview":"max-video-preview:-1"},"canonical":"https:\/\/www.blasenstark.ch\/fr\/conseils\/","og_locale":"fr_FR","og_type":"article","og_title":"11 conseils utiles en cas de faiblesse de la vessie","og_description":"11 conseils: Il faut en premier lieu, dans le traitement des troubles v\u00e9sicaux chroniques, boire correctement, soit deux litres ou davantage par jour.","og_url":"https:\/\/www.blasenstark.ch\/fr\/conseils\/","og_site_name":"Incontinence","article_modified_time":"2017-05-11T13:08:34+00:00","og_image":[{"url":"https:\/\/www.blasenstark.ch\/wp-content\/uploads\/2017\/04\/logo-sprechstunde-doktor-stutz.jpg","type":"","width":"","height":""}],"twitter_card":"summary_large_image","twitter_misc":{"Dur\u00e9e de lecture estim\u00e9e":"4 minutes"},"schema":{"@context":"https:\/\/schema.org","@graph":[{"@type":"WebPage","@id":"https:\/\/www.blasenstark.ch\/fr\/conseils\/","url":"https:\/\/www.blasenstark.ch\/fr\/conseils\/","name":"11 conseils utiles en cas de faiblesse de la vessie","isPartOf":{"@id":"https:\/\/www.blasenstark.ch\/fr\/#website"},"primaryImageOfPage":{"@id":"https:\/\/www.blasenstark.ch\/fr\/conseils\/#primaryimage"},"image":{"@id":"https:\/\/www.blasenstark.ch\/fr\/conseils\/#primaryimage"},"thumbnailUrl":"https:\/\/www.blasenstark.ch\/wp-content\/uploads\/2017\/04\/logo-sprechstunde-doktor-stutz.jpg","datePublished":"2017-04-06T13:27:29+00:00","dateModified":"2017-05-11T13:08:34+00:00","description":"11 conseils: Il faut en premier lieu, dans le traitement des troubles v\u00e9sicaux chroniques, boire correctement, soit deux litres ou davantage par jour.","breadcrumb":{"@id":"https:\/\/www.blasenstark.ch\/fr\/conseils\/#breadcrumb"},"inLanguage":"fr-FR","potentialAction":[{"@type":"ReadAction","target":["https:\/\/www.blasenstark.ch\/fr\/conseils\/"]}]},{"@type":"ImageObject","inLanguage":"fr-FR","@id":"https:\/\/www.blasenstark.ch\/fr\/conseils\/#primaryimage","url":"https:\/\/www.blasenstark.ch\/wp-content\/uploads\/2017\/04\/logo-sprechstunde-doktor-stutz.jpg","contentUrl":"https:\/\/www.blasenstark.ch\/wp-content\/uploads\/2017\/04\/logo-sprechstunde-doktor-stutz.jpg"},{"@type":"BreadcrumbList","@id":"https:\/\/www.blasenstark.ch\/fr\/conseils\/#breadcrumb","itemListElement":[{"@type":"ListItem","position":1,"name":"Startseite","item":"https:\/\/www.blasenstark.ch\/fr\/"},{"@type":"ListItem","position":2,"name":"Conseils"}]},{"@type":"WebSite","@id":"https:\/\/www.blasenstark.ch\/fr\/#website","url":"https:\/\/www.blasenstark.ch\/fr\/","name":"Incontinence","description":"Profiter simplement de la vie","potentialAction":[{"@type":"SearchAction","target":{"@type":"EntryPoint","urlTemplate":"https:\/\/www.blasenstark.ch\/fr\/?s={search_term_string}"},"query-input":{"@type":"PropertyValueSpecification","valueRequired":true,"valueName":"search_term_string"}}],"inLanguage":"fr-FR"}]}},"_links":{"self":[{"href":"https:\/\/www.blasenstark.ch\/fr\/wp-json\/wp\/v2\/pages\/362","targetHints":{"allow":["GET"]}}],"collection":[{"href":"https:\/\/www.blasenstark.ch\/fr\/wp-json\/wp\/v2\/pages"}],"about":[{"href":"https:\/\/www.blasenstark.ch\/fr\/wp-json\/wp\/v2\/types\/page"}],"author":[{"embeddable":true,"href":"https:\/\/www.blasenstark.ch\/fr\/wp-json\/wp\/v2\/users\/7"}],"replies":[{"embeddable":true,"href":"https:\/\/www.blasenstark.ch\/fr\/wp-json\/wp\/v2\/comments?post=362"}],"version-history":[{"count":6,"href":"https:\/\/www.blasenstark.ch\/fr\/wp-json\/wp\/v2\/pages\/362\/revisions"}],"predecessor-version":[{"id":421,"href":"https:\/\/www.blasenstark.ch\/fr\/wp-json\/wp\/v2\/pages\/362\/revisions\/421"}],"wp:attachment":[{"href":"https:\/\/www.blasenstark.ch\/fr\/wp-json\/wp\/v2\/media?parent=362"}],"curies":[{"name":"wp","href":"https:\/\/api.w.org\/{rel}","templated":true}]}}