{"id":369,"date":"2017-04-06T13:46:20","date_gmt":"2017-04-06T13:46:20","guid":{"rendered":"http:\/\/www.blasenstark.ch\/?page_id=369\/"},"modified":"2021-08-20T14:24:28","modified_gmt":"2021-08-20T14:24:28","slug":"assortiment","status":"publish","type":"page","link":"https:\/\/www.blasenstark.ch\/fr\/assortiment\/","title":{"rendered":"Assortiment"},"content":{"rendered":"<h1>Nos Produits<\/h1>\n<p>Produits iD &#8211; La gamme iD a \u00e9t\u00e9 d\u00e9velopp\u00e9e en accordant une attention particuli\u00e8re aux implications physiques et \u00e9motionnelles de tous les niveaux d\u2019incontinence. Ses produits ont \u00e9t\u00e9 con\u00e7us pour vous aider \u00e0 garder confiance en vous, et \u00e0 poursuivre vos activit\u00e9s habituelles en vous sentant prot\u00e9g\u00e9e et en s\u00e9curit\u00e9.<\/p>\n<p><a href=\"https:\/\/www.blasenstark.ch\/fr\/produits-id\/\">Apprenez-en plus sur les produits iD<\/a><\/p>\n<p>&nbsp;<\/p>\n<div style=\"margin-top:0px;margin-bottom:0px;background-color: #679967;height:2px;\" class=\"separator\"><\/div>\n<p>&nbsp;<\/p>\n<div class=\"two_columns_33_66 clearfix\">\n<div class=\"column1\"><div class=\"column_inner\">\n<p><img loading=\"lazy\" decoding=\"async\" class=\"alignleft size-medium wp-image-945\" src=\"https:\/\/www.blasenstark.ch\/wp-content\/uploads\/2018\/01\/product-id-light-300x222.jpg\" alt=\"\" width=\"300\" height=\"222\" srcset=\"https:\/\/www.blasenstark.ch\/wp-content\/uploads\/2018\/01\/product-id-light-300x222.jpg 300w, https:\/\/www.blasenstark.ch\/wp-content\/uploads\/2018\/01\/product-id-light.jpg 500w\" sizes=\"auto, (max-width: 300px) 100vw, 300px\" \/><\/p>\n<\/div><\/div>\n<div class=\"column2\"><div class=\"column_inner\">\n<h2>iD Light<\/h2>\n<p>iD Light offre un maximum de discr\u00e9tion et de s\u00e9curit\u00e9 par sa forme anatomique. Ces produits sont emball\u00e9s individuellement.<\/p>\n<\/div><\/div>\n<\/div>\n<div class=\"two_columns_33_66 clearfix\">\n<div class=\"column1\"><div class=\"column_inner\">\n<p><img loading=\"lazy\" decoding=\"async\" class=\"alignleft size-medium wp-image-312\" src=\"https:\/\/www.blasenstark.ch\/wp-content\/uploads\/2017\/03\/product-iD-for-men-level-2-300x222.jpg\" alt=\"product-iD-for-men-level-2\" width=\"300\" height=\"222\" srcset=\"https:\/\/www.blasenstark.ch\/wp-content\/uploads\/2017\/03\/product-iD-for-men-level-2-300x222.jpg 300w, https:\/\/www.blasenstark.ch\/wp-content\/uploads\/2017\/03\/product-iD-for-men-level-2.jpg 500w\" sizes=\"auto, (max-width: 300px) 100vw, 300px\" \/><\/p>\n<\/div><\/div>\n<div class=\"column2\"><div class=\"column_inner\">\n<h2>iD for Men<\/h2>\n<p>iD for Men est une protection sp\u00e9cialement con\u00e7ue pour les hommes. iD for Men offre une solution id\u00e9ale pour l\u2019incontinence urinaire l\u00e9g\u00e8re. Les zones \u00e9lastiques assurent une adaptation anatomique au corps pour un maximum de confort et de discr\u00e9tion. Ces produits sont emball\u00e9s individuellement.<\/p>\n<\/div><\/div>\n<\/div>\n<div class=\"two_columns_33_66 clearfix\">\n<div class=\"column1\"><div class=\"column_inner\">\n<p><img loading=\"lazy\" decoding=\"async\" class=\"alignleft wp-image-2003 size-medium\" src=\"https:\/\/www.blasenstark.ch\/wp-content\/uploads\/2021\/08\/iD-form-300x222.jpg\" alt=\"\" width=\"300\" height=\"222\" srcset=\"https:\/\/www.blasenstark.ch\/wp-content\/uploads\/2021\/08\/iD-form-300x222.jpg 300w, https:\/\/www.blasenstark.ch\/wp-content\/uploads\/2021\/08\/iD-form.jpg 500w\" sizes=\"auto, (max-width: 300px) 100vw, 300px\" \/><\/p>\n<\/div><\/div>\n<div class=\"column2\"><div class=\"column_inner\">\n<h2>iD Form<\/h2>\n<p>iD Form est pr\u00e9vue pour les personnes souffrant d\u2019une incontinence mod\u00e9r\u00e9e \u00e0 lourde et est disponible en diff\u00e9rents degr\u00e9s d\u2019absorptions. Pour une s\u00e9curit\u00e9 maximale, les iD Form seront utilis\u00e9s avec les culottes de fixation r\u00e9utilisable de la gamme iD Care Net Pants.<\/p>\n<\/div><\/div>\n<\/div>\n<div class=\"two_columns_33_66 clearfix\">\n<div class=\"column1\"><div class=\"column_inner\">\n<p><img loading=\"lazy\" decoding=\"async\" class=\"alignleft wp-image-1647 size-medium\" src=\"https:\/\/www.blasenstark.ch\/wp-content\/uploads\/2019\/08\/iD-intime-pants-normal-300x222.jpg\" alt=\"\" width=\"300\" height=\"222\" srcset=\"https:\/\/www.blasenstark.ch\/wp-content\/uploads\/2019\/08\/iD-intime-pants-normal-300x222.jpg 300w, https:\/\/www.blasenstark.ch\/wp-content\/uploads\/2019\/08\/iD-intime-pants-normal.jpg 500w\" sizes=\"auto, (max-width: 300px) 100vw, 300px\" \/><\/p>\n<\/div><\/div>\n<div class=\"column2\"><div class=\"column_inner\">\n<h2>iD Intime Pants<\/h2>\n<p>iD Intime Pants offre une solution id\u00e9ale pour l\u2019incontinence urinaire mod\u00e9r\u00e9e. iD Pants peut \u00eatre port\u00e9 et enlev\u00e9 comme un sous-v\u00eatement ordinaire. Ce produit combine \u00e0 la fois confort et discr\u00e9tion gr\u00e2ce \u00e0 sa taille \u00e9lastique et son c\u00f4t\u00e9 ext\u00e9rieur en non tiss\u00e9.<\/p>\n<\/div><\/div>\n<\/div>\n<div class=\"two_columns_33_66 clearfix\">\n<div class=\"column1\"><div class=\"column_inner\">\n<p><img loading=\"lazy\" decoding=\"async\" class=\"alignleft wp-image-2011 size-medium\" src=\"https:\/\/www.blasenstark.ch\/wp-content\/uploads\/2021\/08\/iD-pants1-300x222.jpg\" alt=\"\" width=\"300\" height=\"222\" srcset=\"https:\/\/www.blasenstark.ch\/wp-content\/uploads\/2021\/08\/iD-pants1-300x222.jpg 300w, https:\/\/www.blasenstark.ch\/wp-content\/uploads\/2021\/08\/iD-pants1.jpg 500w\" sizes=\"auto, (max-width: 300px) 100vw, 300px\" \/><\/p>\n<\/div><\/div>\n<div class=\"column2\"><div class=\"column_inner\">\n<h2>iD Pants<\/h2>\n<p>iD Pants offre une solution adapt\u00e9e pour l\u2019incontinence mod\u00e9r\u00e9e. Il peut \u00eatre port\u00e9 et enlev\u00e9 comme un sous-v\u00eatement ordinaire. Le produit a une ceinture \u00e9lastique unique tr\u00e8s douce qui s\u2019adapte parfaitement au corps afin d\u2019assurer confort et discr\u00e9tion.<\/p>\n<\/div><\/div>\n<\/div>\n<div class=\"two_columns_33_66 clearfix\">\n<div class=\"column1\"><div class=\"column_inner\">\n<p><img loading=\"lazy\" decoding=\"async\" class=\"alignleft size-medium wp-image-311\" src=\"https:\/\/www.blasenstark.ch\/wp-content\/uploads\/2017\/03\/product-iD-expert-protect-plus-40x60-300x222.jpg\" alt=\"product-iD-expert-protect-plus-40x60\" width=\"300\" height=\"222\" srcset=\"https:\/\/www.blasenstark.ch\/wp-content\/uploads\/2017\/03\/product-iD-expert-protect-plus-40x60-300x222.jpg 300w, https:\/\/www.blasenstark.ch\/wp-content\/uploads\/2017\/03\/product-iD-expert-protect-plus-40x60.jpg 500w\" sizes=\"auto, (max-width: 300px) 100vw, 300px\" \/><\/p>\n<\/div><\/div>\n<div class=\"column2\"><div class=\"column_inner\">\n<h2>iD Expert Protect<\/h2>\n<p>iD Expert Protect assure un niveau \u00e9lev\u00e9 de protection et de douceur, les al\u00e8ses sont constitu\u00e9es d\u2019une couche de pulpe recouverte \u00e0 l\u2019ext\u00e9rieur, d\u2019un film en poly\u00e9thyl\u00e8ne. La r\u00e9partition de la pulpe sous forme de diamants, am\u00e9liore la dispersion du liquide.<\/p>\n<\/div><\/div>\n<\/div>\n<p>&nbsp;<\/p>\n","protected":false},"excerpt":{"rendered":"<p>Nos Produits Produits iD &#8211; La gamme iD a \u00e9t\u00e9 d\u00e9velopp\u00e9e en accordant une attention particuli\u00e8re aux implications physiques et \u00e9motionnelles de tous les niveaux d\u2019incontinence. Ses produits ont \u00e9t\u00e9 con\u00e7us pour vous aider \u00e0 garder confiance en vous, et \u00e0 poursuivre vos activit\u00e9s habituelles&#8230;<\/p>\n","protected":false},"author":7,"featured_media":0,"parent":0,"menu_order":0,"comment_status":"closed","ping_status":"closed","template":"","meta":{"footnotes":""},"class_list":["post-369","page","type-page","status-publish","hentry"],"yoast_head":"<!-- This site is optimized with the Yoast SEO plugin v27.3 - https:\/\/yoast.com\/product\/yoast-seo-wordpress\/ -->\n<title>La gamme iD pour tous les niveaux d\u2019incontinence<\/title>\n<meta name=\"description\" content=\"PLa gamme iD a \u00e9t\u00e9 d\u00e9velopp\u00e9e en accordant une attention particuli\u00e8re aux implications physiques et \u00e9motionnelles de tous les niveaux d\u2019incontinence.\" \/>\n<meta name=\"robots\" content=\"index, follow, max-snippet:-1, max-image-preview:large, max-video-preview:-1\" \/>\n<link rel=\"canonical\" href=\"https:\/\/www.blasenstark.ch\/fr\/assortiment\/\" \/>\n<meta property=\"og:locale\" content=\"fr_FR\" \/>\n<meta property=\"og:type\" content=\"article\" \/>\n<meta property=\"og:title\" content=\"La gamme iD pour tous les niveaux d\u2019incontinence\" \/>\n<meta property=\"og:description\" content=\"PLa gamme iD a \u00e9t\u00e9 d\u00e9velopp\u00e9e en accordant une attention particuli\u00e8re aux implications physiques et \u00e9motionnelles de tous les niveaux d\u2019incontinence.\" \/>\n<meta property=\"og:url\" content=\"https:\/\/www.blasenstark.ch\/fr\/assortiment\/\" \/>\n<meta property=\"og:site_name\" content=\"Incontinence\" \/>\n<meta property=\"article:modified_time\" content=\"2021-08-20T14:24:28+00:00\" \/>\n<meta property=\"og:image\" content=\"https:\/\/www.blasenstark.ch\/wp-content\/uploads\/2018\/01\/product-id-light-300x222.jpg\" \/>\n<meta name=\"twitter:card\" content=\"summary_large_image\" \/>\n<meta name=\"twitter:label1\" content=\"Dur\u00e9e de lecture estim\u00e9e\" \/>\n\t<meta name=\"twitter:data1\" content=\"2 minutes\" \/>\n<script type=\"application\/ld+json\" class=\"yoast-schema-graph\">{\"@context\":\"https:\\\/\\\/schema.org\",\"@graph\":[{\"@type\":\"WebPage\",\"@id\":\"https:\\\/\\\/www.blasenstark.ch\\\/fr\\\/assortiment\\\/\",\"url\":\"https:\\\/\\\/www.blasenstark.ch\\\/fr\\\/assortiment\\\/\",\"name\":\"La gamme iD pour tous les niveaux d\u2019incontinence\",\"isPartOf\":{\"@id\":\"https:\\\/\\\/www.blasenstark.ch\\\/fr\\\/#website\"},\"primaryImageOfPage\":{\"@id\":\"https:\\\/\\\/www.blasenstark.ch\\\/fr\\\/assortiment\\\/#primaryimage\"},\"image\":{\"@id\":\"https:\\\/\\\/www.blasenstark.ch\\\/fr\\\/assortiment\\\/#primaryimage\"},\"thumbnailUrl\":\"https:\\\/\\\/www.blasenstark.ch\\\/wp-content\\\/uploads\\\/2018\\\/01\\\/product-id-light-300x222.jpg\",\"datePublished\":\"2017-04-06T13:46:20+00:00\",\"dateModified\":\"2021-08-20T14:24:28+00:00\",\"description\":\"PLa gamme iD a \u00e9t\u00e9 d\u00e9velopp\u00e9e en accordant une attention particuli\u00e8re aux implications physiques et \u00e9motionnelles de tous les niveaux d\u2019incontinence.\",\"breadcrumb\":{\"@id\":\"https:\\\/\\\/www.blasenstark.ch\\\/fr\\\/assortiment\\\/#breadcrumb\"},\"inLanguage\":\"fr-FR\",\"potentialAction\":[{\"@type\":\"ReadAction\",\"target\":[\"https:\\\/\\\/www.blasenstark.ch\\\/fr\\\/assortiment\\\/\"]}]},{\"@type\":\"ImageObject\",\"inLanguage\":\"fr-FR\",\"@id\":\"https:\\\/\\\/www.blasenstark.ch\\\/fr\\\/assortiment\\\/#primaryimage\",\"url\":\"https:\\\/\\\/www.blasenstark.ch\\\/wp-content\\\/uploads\\\/2018\\\/01\\\/product-id-light-300x222.jpg\",\"contentUrl\":\"https:\\\/\\\/www.blasenstark.ch\\\/wp-content\\\/uploads\\\/2018\\\/01\\\/product-id-light-300x222.jpg\"},{\"@type\":\"BreadcrumbList\",\"@id\":\"https:\\\/\\\/www.blasenstark.ch\\\/fr\\\/assortiment\\\/#breadcrumb\",\"itemListElement\":[{\"@type\":\"ListItem\",\"position\":1,\"name\":\"Startseite\",\"item\":\"https:\\\/\\\/www.blasenstark.ch\\\/fr\\\/\"},{\"@type\":\"ListItem\",\"position\":2,\"name\":\"Assortiment\"}]},{\"@type\":\"WebSite\",\"@id\":\"https:\\\/\\\/www.blasenstark.ch\\\/fr\\\/#website\",\"url\":\"https:\\\/\\\/www.blasenstark.ch\\\/fr\\\/\",\"name\":\"Incontinence\",\"description\":\"Profiter simplement de la vie\",\"potentialAction\":[{\"@type\":\"SearchAction\",\"target\":{\"@type\":\"EntryPoint\",\"urlTemplate\":\"https:\\\/\\\/www.blasenstark.ch\\\/fr\\\/?s={search_term_string}\"},\"query-input\":{\"@type\":\"PropertyValueSpecification\",\"valueRequired\":true,\"valueName\":\"search_term_string\"}}],\"inLanguage\":\"fr-FR\"}]}<\/script>\n<!-- \/ Yoast SEO plugin. -->","yoast_head_json":{"title":"La gamme iD pour tous les niveaux d\u2019incontinence","description":"PLa gamme iD a \u00e9t\u00e9 d\u00e9velopp\u00e9e en accordant une attention particuli\u00e8re aux implications physiques et \u00e9motionnelles de tous les niveaux d\u2019incontinence.","robots":{"index":"index","follow":"follow","max-snippet":"max-snippet:-1","max-image-preview":"max-image-preview:large","max-video-preview":"max-video-preview:-1"},"canonical":"https:\/\/www.blasenstark.ch\/fr\/assortiment\/","og_locale":"fr_FR","og_type":"article","og_title":"La gamme iD pour tous les niveaux d\u2019incontinence","og_description":"PLa gamme iD a \u00e9t\u00e9 d\u00e9velopp\u00e9e en accordant une attention particuli\u00e8re aux implications physiques et \u00e9motionnelles de tous les niveaux d\u2019incontinence.","og_url":"https:\/\/www.blasenstark.ch\/fr\/assortiment\/","og_site_name":"Incontinence","article_modified_time":"2021-08-20T14:24:28+00:00","og_image":[{"url":"https:\/\/www.blasenstark.ch\/wp-content\/uploads\/2018\/01\/product-id-light-300x222.jpg","type":"","width":"","height":""}],"twitter_card":"summary_large_image","twitter_misc":{"Dur\u00e9e de lecture estim\u00e9e":"2 minutes"},"schema":{"@context":"https:\/\/schema.org","@graph":[{"@type":"WebPage","@id":"https:\/\/www.blasenstark.ch\/fr\/assortiment\/","url":"https:\/\/www.blasenstark.ch\/fr\/assortiment\/","name":"La gamme iD pour tous les niveaux d\u2019incontinence","isPartOf":{"@id":"https:\/\/www.blasenstark.ch\/fr\/#website"},"primaryImageOfPage":{"@id":"https:\/\/www.blasenstark.ch\/fr\/assortiment\/#primaryimage"},"image":{"@id":"https:\/\/www.blasenstark.ch\/fr\/assortiment\/#primaryimage"},"thumbnailUrl":"https:\/\/www.blasenstark.ch\/wp-content\/uploads\/2018\/01\/product-id-light-300x222.jpg","datePublished":"2017-04-06T13:46:20+00:00","dateModified":"2021-08-20T14:24:28+00:00","description":"PLa gamme iD a \u00e9t\u00e9 d\u00e9velopp\u00e9e en accordant une attention particuli\u00e8re aux implications physiques et \u00e9motionnelles de tous les niveaux d\u2019incontinence.","breadcrumb":{"@id":"https:\/\/www.blasenstark.ch\/fr\/assortiment\/#breadcrumb"},"inLanguage":"fr-FR","potentialAction":[{"@type":"ReadAction","target":["https:\/\/www.blasenstark.ch\/fr\/assortiment\/"]}]},{"@type":"ImageObject","inLanguage":"fr-FR","@id":"https:\/\/www.blasenstark.ch\/fr\/assortiment\/#primaryimage","url":"https:\/\/www.blasenstark.ch\/wp-content\/uploads\/2018\/01\/product-id-light-300x222.jpg","contentUrl":"https:\/\/www.blasenstark.ch\/wp-content\/uploads\/2018\/01\/product-id-light-300x222.jpg"},{"@type":"BreadcrumbList","@id":"https:\/\/www.blasenstark.ch\/fr\/assortiment\/#breadcrumb","itemListElement":[{"@type":"ListItem","position":1,"name":"Startseite","item":"https:\/\/www.blasenstark.ch\/fr\/"},{"@type":"ListItem","position":2,"name":"Assortiment"}]},{"@type":"WebSite","@id":"https:\/\/www.blasenstark.ch\/fr\/#website","url":"https:\/\/www.blasenstark.ch\/fr\/","name":"Incontinence","description":"Profiter simplement de la vie","potentialAction":[{"@type":"SearchAction","target":{"@type":"EntryPoint","urlTemplate":"https:\/\/www.blasenstark.ch\/fr\/?s={search_term_string}"},"query-input":{"@type":"PropertyValueSpecification","valueRequired":true,"valueName":"search_term_string"}}],"inLanguage":"fr-FR"}]}},"_links":{"self":[{"href":"https:\/\/www.blasenstark.ch\/fr\/wp-json\/wp\/v2\/pages\/369","targetHints":{"allow":["GET"]}}],"collection":[{"href":"https:\/\/www.blasenstark.ch\/fr\/wp-json\/wp\/v2\/pages"}],"about":[{"href":"https:\/\/www.blasenstark.ch\/fr\/wp-json\/wp\/v2\/types\/page"}],"author":[{"embeddable":true,"href":"https:\/\/www.blasenstark.ch\/fr\/wp-json\/wp\/v2\/users\/7"}],"replies":[{"embeddable":true,"href":"https:\/\/www.blasenstark.ch\/fr\/wp-json\/wp\/v2\/comments?post=369"}],"version-history":[{"count":10,"href":"https:\/\/www.blasenstark.ch\/fr\/wp-json\/wp\/v2\/pages\/369\/revisions"}],"predecessor-version":[{"id":2013,"href":"https:\/\/www.blasenstark.ch\/fr\/wp-json\/wp\/v2\/pages\/369\/revisions\/2013"}],"wp:attachment":[{"href":"https:\/\/www.blasenstark.ch\/fr\/wp-json\/wp\/v2\/media?parent=369"}],"curies":[{"name":"wp","href":"https:\/\/api.w.org\/{rel}","templated":true}]}}